{"id":5913,"date":"2022-10-28T17:09:40","date_gmt":"2022-10-28T14:09:40","guid":{"rendered":"https:\/\/dev.mgistudio.ee\/?post_type=product&#038;p=5913"},"modified":"2022-12-09T09:36:26","modified_gmt":"2022-12-09T07:36:26","slug":"city-day-cream","status":"publish","type":"product","link":"https:\/\/dev.mgistudio.ee\/en\/toode\/city-day-cream\/","title":{"rendered":"City Day Cream"},"content":{"rendered":"<p>Kasulikul k\u00e4\u00e4ritamisel (GFF) p\u00f5hinev kompleksesse sarja kuuluv p\u00e4evakreem, mis kaitseb nahka kahjuliku linnakeskkonna saaste ja m\u00f5jude eest. GFF-i niisutavate ja kortsuvastaste omaduste revolutsiooniline kombinatsioon puhastab hallid ning surnud epidermise rakud \u00f5rna koorimisega. Aitab v\u00f5idelda esimeste naha vananemise ilmingutega, aitab taastada naha elastsust ja v\u00f5idelda keskkonnasaaste ning konditsioneerist tulenevate m\u00f5judega. Sobilik nii kombineeritud kui ka kuivale nahat\u00fc\u00fcbile. Silendab, niisutab, helendab nahka ja lisab s\u00e4ra. Ei p\u00f5hjusta \u00e4rritust.<\/p>\n<p><strong>P\u00e4evahooldus<\/strong><\/p>\n<ul>\n<li>50 ml<\/li>\n<li>pH 5.5<\/li>\n<\/ul>\n","protected":false},"excerpt":{"rendered":"<p>Linnakeskkonna tegurite eest kaitsev p\u00e4evakreem<\/p>\n","protected":false},"featured_media":4823,"template":"","meta":{"_mi_skip_tracking":false},"product_cat":[174,160,196,134,163,171,189],"product_tag":[],"_links":{"self":[{"href":"https:\/\/dev.mgistudio.ee\/en\/wp-json\/wp\/v2\/product\/5913"}],"collection":[{"href":"https:\/\/dev.mgistudio.ee\/en\/wp-json\/wp\/v2\/product"}],"about":[{"href":"https:\/\/dev.mgistudio.ee\/en\/wp-json\/wp\/v2\/types\/product"}],"wp:featuredmedia":[{"embeddable":true,"href":"https:\/\/dev.mgistudio.ee\/en\/wp-json\/wp\/v2\/media\/4823"}],"wp:attachment":[{"href":"https:\/\/dev.mgistudio.ee\/en\/wp-json\/wp\/v2\/media?parent=5913"}],"wp:term":[{"taxonomy":"product_cat","embeddable":true,"href":"https:\/\/dev.mgistudio.ee\/en\/wp-json\/wp\/v2\/product_cat?post=5913"},{"taxonomy":"product_tag","embeddable":true,"href":"https:\/\/dev.mgistudio.ee\/en\/wp-json\/wp\/v2\/product_tag?post=5913"}],"curies":[{"name":"wp","href":"https:\/\/api.w.org\/{rel}","templated":true}]}}