{"id":5910,"date":"2022-10-28T18:18:22","date_gmt":"2022-10-28T15:18:22","guid":{"rendered":"https:\/\/dev.mgistudio.ee\/?post_type=product&#038;p=5910"},"modified":"2022-12-09T09:35:31","modified_gmt":"2022-12-09T07:35:31","slug":"city-night-cream","status":"publish","type":"product","link":"https:\/\/dev.mgistudio.ee\/en\/toode\/city-night-cream\/","title":{"rendered":"City Night Cream"},"content":{"rendered":"<p>Kasulikul k\u00e4\u00e4ritamisel (GFF) p\u00f5hinev kompleksne sari, mis kaitseb nahka kahjuliku linnakeskkonna saaste ja m\u00f5jude eest. GFF-i niisutavate ja kortsuvastaste omaduste revolutsiooniline kombinatsioon puhastab hallid ning surnud epidermise rakud \u00f5rna koorimisega. Aitab v\u00f5idelda esimeste naha vananemise ilmingutega, aitab taastada naha elastsust ja v\u00f5idelda keskkonnasaaste m\u00f5judega. Sobilik nii kombineeritud kui ka kuivale nahat\u00fc\u00fcbile. Silendab, niisutab, helendab nahka ja lisab s\u00e4ra. Ei p\u00f5hjusta \u00e4rritust.<\/p>\n<p><strong>\u00d6\u00f6hooldus<\/strong><\/p>\n<ul>\n<li>50 ml<\/li>\n<li>pH 5.5<\/li>\n<\/ul>\n","protected":false},"excerpt":{"rendered":"<p><span data-sheets-value=\"{&quot;1&quot;:2,&quot;2&quot;:&quot;Linnakeskkonna tegurite eest kaitsev \u00f6\u00f6kreem&quot;}\" data-sheets-userformat=\"{&quot;2&quot;:17269,&quot;3&quot;:{&quot;1&quot;:0},&quot;5&quot;:{&quot;1&quot;:[{&quot;1&quot;:2,&quot;2&quot;:0,&quot;5&quot;:{&quot;1&quot;:2,&quot;2&quot;:0}},{&quot;1&quot;:0,&quot;2&quot;:0,&quot;3&quot;:3},{&quot;1&quot;:1,&quot;2&quot;:0,&quot;4&quot;:1}]},&quot;7&quot;:{&quot;1&quot;:[{&quot;1&quot;:2,&quot;2&quot;:0,&quot;5&quot;:{&quot;1&quot;:2,&quot;2&quot;:0}},{&quot;1&quot;:0,&quot;2&quot;:0,&quot;3&quot;:3},{&quot;1&quot;:1,&quot;2&quot;:0,&quot;4&quot;:1}]},&quot;8&quot;:{&quot;1&quot;:[{&quot;1&quot;:2,&quot;2&quot;:0,&quot;5&quot;:{&quot;1&quot;:2,&quot;2&quot;:0}},{&quot;1&quot;:0,&quot;2&quot;:0,&quot;3&quot;:3},{&quot;1&quot;:1,&quot;2&quot;:0,&quot;4&quot;:1}]},&quot;9&quot;:0,&quot;11&quot;:4,&quot;12&quot;:0,&quot;17&quot;:1}\">Linnakeskkonna tegurite eest kaitsev \u00f6\u00f6kreem<\/span><\/p>\n","protected":false},"featured_media":4845,"template":"","meta":{"_mi_skip_tracking":false},"product_cat":[174,160,196,134,163,171,189],"product_tag":[],"_links":{"self":[{"href":"https:\/\/dev.mgistudio.ee\/en\/wp-json\/wp\/v2\/product\/5910"}],"collection":[{"href":"https:\/\/dev.mgistudio.ee\/en\/wp-json\/wp\/v2\/product"}],"about":[{"href":"https:\/\/dev.mgistudio.ee\/en\/wp-json\/wp\/v2\/types\/product"}],"wp:featuredmedia":[{"embeddable":true,"href":"https:\/\/dev.mgistudio.ee\/en\/wp-json\/wp\/v2\/media\/4845"}],"wp:attachment":[{"href":"https:\/\/dev.mgistudio.ee\/en\/wp-json\/wp\/v2\/media?parent=5910"}],"wp:term":[{"taxonomy":"product_cat","embeddable":true,"href":"https:\/\/dev.mgistudio.ee\/en\/wp-json\/wp\/v2\/product_cat?post=5910"},{"taxonomy":"product_tag","embeddable":true,"href":"https:\/\/dev.mgistudio.ee\/en\/wp-json\/wp\/v2\/product_tag?post=5910"}],"curies":[{"name":"wp","href":"https:\/\/api.w.org\/{rel}","templated":true}]}}