{"id":5904,"date":"2022-10-28T18:23:02","date_gmt":"2022-10-28T15:23:02","guid":{"rendered":"https:\/\/dev.mgistudio.ee\/?post_type=product&#038;p=5904"},"modified":"2022-12-09T10:17:06","modified_gmt":"2022-12-09T08:17:06","slug":"city-eye-cream","status":"publish","type":"product","link":"https:\/\/dev.mgistudio.ee\/en\/toode\/city-eye-cream\/","title":{"rendered":"City Eye Cream"},"content":{"rendered":"<p>Kasulikul k\u00e4\u00e4ritamisel (GFF) p\u00f5hinev kompleksne sari, mis kaitseb nahka kahjuliku linnakeskkonna saaste ja m\u00f5jude eest. GFF-i niisutavate ja kortsuvastaste omaduste revolutsiooniline kombinatsioon puhastab hallid ning surnud epidermise rakud \u00f5rna koorimisega. Aitab v\u00f5idelda tumedate silmaaluste ja esimeste naha vananemise ilmingutega, taastada naha elastsust ja v\u00f5itleb keskkonnasaaste m\u00f5judega. Sobilik nii kombineeritud kui ka kuivale nahat\u00fc\u00fcbile. Silendab, niisutab, helendab nahka ja lisab s\u00e4ra silma\u00fcmbruspiirkonnas. Ei p\u00f5hjusta \u00e4rritust.<\/p>\n<p><strong>P\u00e4eva- ja \u00f6\u00f6hooldus<\/strong><\/p>\n<ul>\n<li>15 ml<\/li>\n<li>pH 6.2<\/li>\n<\/ul>\n","protected":false},"excerpt":{"rendered":"<p class=\"test\">Eye cream protecting against the factors of the urban environment<\/p>\n","protected":false},"featured_media":4837,"template":"","meta":{"_mi_skip_tracking":false},"product_cat":[174,160,196,134,163,171,203,189],"product_tag":[],"_links":{"self":[{"href":"https:\/\/dev.mgistudio.ee\/en\/wp-json\/wp\/v2\/product\/5904"}],"collection":[{"href":"https:\/\/dev.mgistudio.ee\/en\/wp-json\/wp\/v2\/product"}],"about":[{"href":"https:\/\/dev.mgistudio.ee\/en\/wp-json\/wp\/v2\/types\/product"}],"wp:featuredmedia":[{"embeddable":true,"href":"https:\/\/dev.mgistudio.ee\/en\/wp-json\/wp\/v2\/media\/4837"}],"wp:attachment":[{"href":"https:\/\/dev.mgistudio.ee\/en\/wp-json\/wp\/v2\/media?parent=5904"}],"wp:term":[{"taxonomy":"product_cat","embeddable":true,"href":"https:\/\/dev.mgistudio.ee\/en\/wp-json\/wp\/v2\/product_cat?post=5904"},{"taxonomy":"product_tag","embeddable":true,"href":"https:\/\/dev.mgistudio.ee\/en\/wp-json\/wp\/v2\/product_tag?post=5904"}],"curies":[{"name":"wp","href":"https:\/\/api.w.org\/{rel}","templated":true}]}}