{"id":5901,"date":"2022-10-28T18:23:45","date_gmt":"2022-10-28T15:23:45","guid":{"rendered":"https:\/\/dev.mgistudio.ee\/?post_type=product&#038;p=5901"},"modified":"2022-12-09T09:29:01","modified_gmt":"2022-12-09T07:29:01","slug":"city-sun","status":"publish","type":"product","link":"https:\/\/dev.mgistudio.ee\/en\/toode\/city-sun\/","title":{"rendered":"City SUN"},"content":{"rendered":"<p>Kaitseb nahka keskkonnategurite kahjulike m\u00f5jude eest (UV, vabad radikaalid, temperatuur jne). S\u00fcnergiliselt toimivad toimeained pakuvad kaitset laias UVA, UVB ja sinise valguse (blue light) kiirguse spektris, olles sealjuures \u00f5rna kontsistentsiga j\u00e4tmata nahale valget kihti. Sobib ideaalselt igap\u00e4evaseks kasutamiseks (ka jumestuse alla) k\u00f5ikidele nahat\u00fc\u00fcpidele. SPF 50+.<\/p>\n<p><strong>P\u00e4evahooldus<\/strong><\/p>\n<ul>\n<li>50 ml<\/li>\n<li>pH 6.2<\/li>\n<\/ul>\n","protected":false},"excerpt":{"rendered":"<p>P\u00e4ikesekaitse n\u00e4ole SPF 50+<\/p>\n","protected":false},"featured_media":4851,"template":"","meta":{"_mi_skip_tracking":false},"product_cat":[156,174,160,196,134,163,171,189,168,173,199],"product_tag":[],"_links":{"self":[{"href":"https:\/\/dev.mgistudio.ee\/en\/wp-json\/wp\/v2\/product\/5901"}],"collection":[{"href":"https:\/\/dev.mgistudio.ee\/en\/wp-json\/wp\/v2\/product"}],"about":[{"href":"https:\/\/dev.mgistudio.ee\/en\/wp-json\/wp\/v2\/types\/product"}],"wp:featuredmedia":[{"embeddable":true,"href":"https:\/\/dev.mgistudio.ee\/en\/wp-json\/wp\/v2\/media\/4851"}],"wp:attachment":[{"href":"https:\/\/dev.mgistudio.ee\/en\/wp-json\/wp\/v2\/media?parent=5901"}],"wp:term":[{"taxonomy":"product_cat","embeddable":true,"href":"https:\/\/dev.mgistudio.ee\/en\/wp-json\/wp\/v2\/product_cat?post=5901"},{"taxonomy":"product_tag","embeddable":true,"href":"https:\/\/dev.mgistudio.ee\/en\/wp-json\/wp\/v2\/product_tag?post=5901"}],"curies":[{"name":"wp","href":"https:\/\/api.w.org\/{rel}","templated":true}]}}