{"id":5895,"date":"2022-11-15T11:00:48","date_gmt":"2022-11-15T09:00:48","guid":{"rendered":"https:\/\/dev.mgistudio.ee\/?post_type=product&#038;p=5895"},"modified":"2022-12-09T09:22:38","modified_gmt":"2022-12-09T07:22:38","slug":"rossatore-cream-blur-effect","status":"publish","type":"product","link":"https:\/\/dev.mgistudio.ee\/en\/toode\/rossatore-cream-blur-effect\/","title":{"rendered":"Rossatore Cream Blur Effect"},"content":{"rendered":"<p>P\u00e4evakreem, mis kasutab Hiina Schisandra adaptogeenseid omadusi, millel on tugevad p\u00f5letikuvastased omadused, v\u00e4hendades naha punetust, kuivist ja muutes proteiinikiud elastseks. Ainete toimet toetab <em>blur<\/em>-tehnoloogia, mis hajutab valgust. T\u00e4nu sellele muutuvad veresooned juba peale esimest kasutamist v\u00e4hem n\u00e4htavaks ja naha v\u00e4rvus \u00fchtlasemaks. Sobilik er\u00fcteemile (punetusele) kalduvale nahale, \u00f5rnale nahale rosaatseaga, v\u00f5rgusilma muutuste ja kapillaarlaienditega nahale, neurogeensete nahap\u00f5letiku s\u00fcmptomite leevendamiseks.<\/p>\n<p><strong>P\u00e4evahooldus<\/strong><\/p>\n<ul>\n<li>50 ml<\/li>\n<li>pH 5.5<\/li>\n<\/ul>\n","protected":false},"excerpt":{"rendered":"<p>N\u00e4ohoolduskreem rosaatseale kalduva katkiste kapillaaridega nahale<\/p>\n","protected":false},"featured_media":5027,"template":"","meta":{"_mi_skip_tracking":false},"product_cat":[196,134,189,168,173],"product_tag":[],"_links":{"self":[{"href":"https:\/\/dev.mgistudio.ee\/en\/wp-json\/wp\/v2\/product\/5895"}],"collection":[{"href":"https:\/\/dev.mgistudio.ee\/en\/wp-json\/wp\/v2\/product"}],"about":[{"href":"https:\/\/dev.mgistudio.ee\/en\/wp-json\/wp\/v2\/types\/product"}],"wp:featuredmedia":[{"embeddable":true,"href":"https:\/\/dev.mgistudio.ee\/en\/wp-json\/wp\/v2\/media\/5027"}],"wp:attachment":[{"href":"https:\/\/dev.mgistudio.ee\/en\/wp-json\/wp\/v2\/media?parent=5895"}],"wp:term":[{"taxonomy":"product_cat","embeddable":true,"href":"https:\/\/dev.mgistudio.ee\/en\/wp-json\/wp\/v2\/product_cat?post=5895"},{"taxonomy":"product_tag","embeddable":true,"href":"https:\/\/dev.mgistudio.ee\/en\/wp-json\/wp\/v2\/product_tag?post=5895"}],"curies":[{"name":"wp","href":"https:\/\/api.w.org\/{rel}","templated":true}]}}