{"id":5892,"date":"2022-11-15T11:20:01","date_gmt":"2022-11-15T09:20:01","guid":{"rendered":"https:\/\/dev.mgistudio.ee\/?post_type=product&#038;p=5892"},"modified":"2022-12-09T08:46:38","modified_gmt":"2022-12-09T06:46:38","slug":"rossatore-resurfacing-cream","status":"publish","type":"product","link":"https:\/\/dev.mgistudio.ee\/en\/toode\/rossatore-resurfacing-cream\/","title":{"rendered":"Rossatore Resurfacing Cream"},"content":{"rendered":"<p>P\u00f5hineb taaselustamist soodustaval kompleksil, sisaldades mandli-, gl\u00fckool (AHA)-, piim-, viin-, sidrun- ja \u0161ikimihapet koos aselogl\u00fctsiini ning bromelaiiniga, mis koorivad j\u00e4rk-j\u00e4rgult keratiniseeritud epidermise rakud, avades poorid ja tuues esile uue heledamaks muutunud naha, mis on aktiivsete koostisosade vastuv\u00f5tmiseks paremini ette valmistatud. T\u00e4nu madalale hapete kontsentratsioonile ja kreemi k\u00f5rgele pH-le ei teki nahal \u00e4rritust, vaid tulemuseks on \u00f5rnalt kooritud epidermis, peenete miimiliste kortsude v\u00e4henemine, elastsemad ja tugevamad veresooned ning nahk on s\u00e4ravam, pehmem ja siledam. Sobilik vaskulariseerunud nahale, millel on kalduvus er\u00fcteemile (punetusele), \u00f5rnale nahale rosaatseaga, allergilisele nahale.<\/p>\n<p><strong>\u00d6\u00f6hooldus<\/strong><\/p>\n<ul>\n<li>50 ml<\/li>\n<li>pH 4.0<\/li>\n<\/ul>\n","protected":false},"excerpt":{"rendered":"<p>Punetusevastane ja rahustav \u00f6\u00f6kreem tundlikule nahale<\/p>\n","protected":false},"featured_media":5031,"template":"","meta":{"_mi_skip_tracking":false},"product_cat":[196,134,189,168,173],"product_tag":[],"_links":{"self":[{"href":"https:\/\/dev.mgistudio.ee\/en\/wp-json\/wp\/v2\/product\/5892"}],"collection":[{"href":"https:\/\/dev.mgistudio.ee\/en\/wp-json\/wp\/v2\/product"}],"about":[{"href":"https:\/\/dev.mgistudio.ee\/en\/wp-json\/wp\/v2\/types\/product"}],"wp:featuredmedia":[{"embeddable":true,"href":"https:\/\/dev.mgistudio.ee\/en\/wp-json\/wp\/v2\/media\/5031"}],"wp:attachment":[{"href":"https:\/\/dev.mgistudio.ee\/en\/wp-json\/wp\/v2\/media?parent=5892"}],"wp:term":[{"taxonomy":"product_cat","embeddable":true,"href":"https:\/\/dev.mgistudio.ee\/en\/wp-json\/wp\/v2\/product_cat?post=5892"},{"taxonomy":"product_tag","embeddable":true,"href":"https:\/\/dev.mgistudio.ee\/en\/wp-json\/wp\/v2\/product_tag?post=5892"}],"curies":[{"name":"wp","href":"https:\/\/api.w.org\/{rel}","templated":true}]}}