{"id":5877,"date":"2022-11-15T15:58:29","date_gmt":"2022-11-15T13:58:29","guid":{"rendered":"https:\/\/dev.mgistudio.ee\/?post_type=product&#038;p=5877"},"modified":"2022-12-09T08:47:36","modified_gmt":"2022-12-09T06:47:36","slug":"retino","status":"publish","type":"product","link":"https:\/\/dev.mgistudio.ee\/en\/toode\/retino\/","title":{"rendered":"Retino"},"content":{"rendered":"<p>Intensiivselt regenereeriv \u00f6ine hooldus, mis p\u00f5hineb s\u00fcnergiliselt kombineeritud retinooli ja \u00f6koretinooli aktiivsel toimel. On kahefaasilise nahahooldusprogrammi esimene etapp, mis on m\u00f5eldud vananevale, ebat\u00e4iuslikule, rasusele, aknele kalduvale v\u00f5i p\u00e4ikese k\u00e4es kahjustatud nahale ning soovitatav neile, kes pole varem retinooliga kreemi kasutanud, samuti tundlikule nahale. Retinooli kahe vormi kombinatsioon muudab naha nooremaks, silub kortse ja \u00fchtlustab nahatooni.<\/p>\n<p><strong>\u00d6\u00f6hooldus<\/strong><\/p>\n<ul>\n<li>50 ml<\/li>\n<li>pH 5.5<\/li>\n<\/ul>\n","protected":false},"excerpt":{"rendered":"<p>Intensiivselt taastav \u00f6\u00f6kreem 0,1% A-vitamiiniga<\/p>\n","protected":false},"featured_media":5041,"template":"","meta":{"_mi_skip_tracking":false},"product_cat":[156,174,196,134,171,189,173],"product_tag":[],"_links":{"self":[{"href":"https:\/\/dev.mgistudio.ee\/en\/wp-json\/wp\/v2\/product\/5877"}],"collection":[{"href":"https:\/\/dev.mgistudio.ee\/en\/wp-json\/wp\/v2\/product"}],"about":[{"href":"https:\/\/dev.mgistudio.ee\/en\/wp-json\/wp\/v2\/types\/product"}],"wp:featuredmedia":[{"embeddable":true,"href":"https:\/\/dev.mgistudio.ee\/en\/wp-json\/wp\/v2\/media\/5041"}],"wp:attachment":[{"href":"https:\/\/dev.mgistudio.ee\/en\/wp-json\/wp\/v2\/media?parent=5877"}],"wp:term":[{"taxonomy":"product_cat","embeddable":true,"href":"https:\/\/dev.mgistudio.ee\/en\/wp-json\/wp\/v2\/product_cat?post=5877"},{"taxonomy":"product_tag","embeddable":true,"href":"https:\/\/dev.mgistudio.ee\/en\/wp-json\/wp\/v2\/product_tag?post=5877"}],"curies":[{"name":"wp","href":"https:\/\/api.w.org\/{rel}","templated":true}]}}