{"id":5874,"date":"2022-11-15T17:02:32","date_gmt":"2022-11-15T15:02:32","guid":{"rendered":"https:\/\/dev.mgistudio.ee\/?post_type=product&#038;p=5874"},"modified":"2022-12-09T08:48:29","modified_gmt":"2022-12-09T06:48:29","slug":"retino-forte","status":"publish","type":"product","link":"https:\/\/dev.mgistudio.ee\/en\/toode\/retino-forte\/","title":{"rendered":"Retino Forte"},"content":{"rendered":"<p>Intensiivselt regenereeriv \u00f6ine hooldus, mis p\u00f5hineb s\u00fcnergiliselt kombineeritud retinooli ja \u00f6koretinooli aktiivsel toimel. On kahefaasilise nahahooldusprogrammi teine etapp, mis on m\u00f5eldud vananevale ja ebat\u00e4iuslikule nahale ning soovitatav neile, kes on varem retinooliga kreemi kasutanud ja nahk on sellega harjunud. Retinooli kahe vormi kombinatsioon muudab naha nooremaks, silub kortse ja \u00fchtlustab nahatooni.<\/p>\n<p><strong>\u00d6\u00f6hooldus<\/strong><\/p>\n<ul>\n<li>50 ml<\/li>\n<li>pH 5.5<\/li>\n<\/ul>\n","protected":false},"excerpt":{"rendered":"<p>Intensiivselt taastav \u00f6\u00f6kreem 0,3% A-vitamiiniga<\/p>\n","protected":false},"featured_media":5045,"template":"","meta":{"_mi_skip_tracking":false},"product_cat":[156,174,196,134,171,189,173],"product_tag":[],"_links":{"self":[{"href":"https:\/\/dev.mgistudio.ee\/en\/wp-json\/wp\/v2\/product\/5874"}],"collection":[{"href":"https:\/\/dev.mgistudio.ee\/en\/wp-json\/wp\/v2\/product"}],"about":[{"href":"https:\/\/dev.mgistudio.ee\/en\/wp-json\/wp\/v2\/types\/product"}],"wp:featuredmedia":[{"embeddable":true,"href":"https:\/\/dev.mgistudio.ee\/en\/wp-json\/wp\/v2\/media\/5045"}],"wp:attachment":[{"href":"https:\/\/dev.mgistudio.ee\/en\/wp-json\/wp\/v2\/media?parent=5874"}],"wp:term":[{"taxonomy":"product_cat","embeddable":true,"href":"https:\/\/dev.mgistudio.ee\/en\/wp-json\/wp\/v2\/product_cat?post=5874"},{"taxonomy":"product_tag","embeddable":true,"href":"https:\/\/dev.mgistudio.ee\/en\/wp-json\/wp\/v2\/product_tag?post=5874"}],"curies":[{"name":"wp","href":"https:\/\/api.w.org\/{rel}","templated":true}]}}