{"id":5868,"date":"2022-11-15T17:39:45","date_gmt":"2022-11-15T15:39:45","guid":{"rendered":"https:\/\/dev.mgistudio.ee\/?post_type=product&#038;p=5868"},"modified":"2022-12-09T08:49:19","modified_gmt":"2022-12-09T06:49:19","slug":"novo","status":"publish","type":"product","link":"https:\/\/dev.mgistudio.ee\/en\/toode\/novo\/","title":{"rendered":"Novo"},"content":{"rendered":"<p>Novo noorendava hoolduse esimene etapp &#8211; soovitatav ennek\u00f5ike neile, kes ei ole varasemalt AHA- hapetega kreeme kasutanud. V\u00e4lja t\u00f6\u00f6tatud vananeva ja tuhmi naha hooldamiseks, millel on n\u00e4htavad vananemise m\u00e4rgid ning esimesed kortsud. Hoolduses sisalduv gl\u00fckoolhape taastab naharakud, stimuleerib fibroplastide jagunemist, mis suurendab naha elastsust ja tugevust. Kooriv toime tagab p\u00f5hjaliku rekonstrueerimise &#8211; eemaldab epidermise surnud keratiniseerunud kihi ning tagab naha niisutuse, \u00fchtlase v\u00e4rvi ja taastab s\u00e4rab.<\/p>\n<p><strong>\u00d6\u00f6hooldus<\/strong><\/p>\n<ul>\n<li>50 ml<\/li>\n<li>pH 3.4<\/li>\n<\/ul>\n","protected":false},"excerpt":{"rendered":"<p>Intensiivselt noorendav \u00f6\u00f6kreem 8% gl\u00fckoolhappega<\/p>\n","protected":false},"featured_media":5053,"template":"","meta":{"_mi_skip_tracking":false},"product_cat":[174,196,134,171,189],"product_tag":[],"_links":{"self":[{"href":"https:\/\/dev.mgistudio.ee\/en\/wp-json\/wp\/v2\/product\/5868"}],"collection":[{"href":"https:\/\/dev.mgistudio.ee\/en\/wp-json\/wp\/v2\/product"}],"about":[{"href":"https:\/\/dev.mgistudio.ee\/en\/wp-json\/wp\/v2\/types\/product"}],"wp:featuredmedia":[{"embeddable":true,"href":"https:\/\/dev.mgistudio.ee\/en\/wp-json\/wp\/v2\/media\/5053"}],"wp:attachment":[{"href":"https:\/\/dev.mgistudio.ee\/en\/wp-json\/wp\/v2\/media?parent=5868"}],"wp:term":[{"taxonomy":"product_cat","embeddable":true,"href":"https:\/\/dev.mgistudio.ee\/en\/wp-json\/wp\/v2\/product_cat?post=5868"},{"taxonomy":"product_tag","embeddable":true,"href":"https:\/\/dev.mgistudio.ee\/en\/wp-json\/wp\/v2\/product_tag?post=5868"}],"curies":[{"name":"wp","href":"https:\/\/api.w.org\/{rel}","templated":true}]}}