{"id":5865,"date":"2022-11-15T17:50:05","date_gmt":"2022-11-15T15:50:05","guid":{"rendered":"https:\/\/dev.mgistudio.ee\/?post_type=product&#038;p=5865"},"modified":"2022-12-09T08:50:13","modified_gmt":"2022-12-09T06:50:13","slug":"novo-forte","status":"publish","type":"product","link":"https:\/\/dev.mgistudio.ee\/en\/toode\/novo-forte\/","title":{"rendered":"Novo Forte"},"content":{"rendered":"<p>Novo noorendava hoolduse teine etapp &#8211; soovitatav ennek\u00f5ike neile, kes on varasemalt AHA- hapetega kreeme (Novo) kasutanud. T\u00e4nu oma kasulikule m\u00f5jule peaks gl\u00fckoolhappega kreem olema igap\u00e4evase hoolduse osa, eriti kuiva, halli ja vananeva naha puhul. On rikastatud niisutavate, rahustavate ja p\u00f5letikuvastaste koostisosadega, t\u00e4nu millele saab kasutada hapete kasulikke m\u00f5jusid nahka \u00e4rritamata. Sobib nii kobineeritud kui ka rasusele nahat\u00fc\u00fcbile (ka akne korral), millel esineb vananemise v\u00f5i fotovananemise m\u00e4rke,.Stimuleerib naharakkude uuenemist, \u00fchtlustab nahatooni, muudab naha tekstuuri nooremaks ja elastsemaks.<\/p>\n<p><strong>\u00d6\u00f6hooldus<\/strong><\/p>\n<ul>\n<li>50 ml<\/li>\n<li>pH 3.2<\/li>\n<\/ul>\n","protected":false},"excerpt":{"rendered":"<p><span data-sheets-value=\"{&quot;1&quot;:2,&quot;2&quot;:&quot;Intensiivselt noorendav \u00f6\u00f6kreem 12% gl\u00fckoolhappega&quot;}\" data-sheets-userformat=\"{&quot;2&quot;:31607,&quot;3&quot;:{&quot;1&quot;:0},&quot;4&quot;:{&quot;1&quot;:3,&quot;3&quot;:2},&quot;5&quot;:{&quot;1&quot;:[{&quot;1&quot;:2,&quot;2&quot;:0,&quot;5&quot;:{&quot;1&quot;:2,&quot;2&quot;:0}},{&quot;1&quot;:0,&quot;2&quot;:0,&quot;3&quot;:3},{&quot;1&quot;:1,&quot;2&quot;:0,&quot;4&quot;:1}]},&quot;7&quot;:{&quot;1&quot;:[{&quot;1&quot;:2,&quot;2&quot;:0,&quot;5&quot;:{&quot;1&quot;:2,&quot;2&quot;:0}},{&quot;1&quot;:0,&quot;2&quot;:0,&quot;3&quot;:3},{&quot;1&quot;:1,&quot;2&quot;:0,&quot;4&quot;:1}]},&quot;8&quot;:{&quot;1&quot;:[{&quot;1&quot;:2,&quot;2&quot;:0,&quot;5&quot;:{&quot;1&quot;:2,&quot;2&quot;:0}},{&quot;1&quot;:0,&quot;2&quot;:0,&quot;3&quot;:3},{&quot;1&quot;:1,&quot;2&quot;:0,&quot;4&quot;:1}]},&quot;9&quot;:0,&quot;11&quot;:4,&quot;12&quot;:0,&quot;14&quot;:{&quot;1&quot;:2,&quot;2&quot;:2105636},&quot;15&quot;:&quot;inherit&quot;,&quot;16&quot;:10,&quot;17&quot;:1}\">Intensiivselt noorendav \u00f6\u00f6kreem 12% gl\u00fckoolhappega<\/span><\/p>\n","protected":false},"featured_media":5057,"template":"","meta":{"_mi_skip_tracking":false},"product_cat":[174,196,134,171,189],"product_tag":[],"_links":{"self":[{"href":"https:\/\/dev.mgistudio.ee\/en\/wp-json\/wp\/v2\/product\/5865"}],"collection":[{"href":"https:\/\/dev.mgistudio.ee\/en\/wp-json\/wp\/v2\/product"}],"about":[{"href":"https:\/\/dev.mgistudio.ee\/en\/wp-json\/wp\/v2\/types\/product"}],"wp:featuredmedia":[{"embeddable":true,"href":"https:\/\/dev.mgistudio.ee\/en\/wp-json\/wp\/v2\/media\/5057"}],"wp:attachment":[{"href":"https:\/\/dev.mgistudio.ee\/en\/wp-json\/wp\/v2\/media?parent=5865"}],"wp:term":[{"taxonomy":"product_cat","embeddable":true,"href":"https:\/\/dev.mgistudio.ee\/en\/wp-json\/wp\/v2\/product_cat?post=5865"},{"taxonomy":"product_tag","embeddable":true,"href":"https:\/\/dev.mgistudio.ee\/en\/wp-json\/wp\/v2\/product_tag?post=5865"}],"curies":[{"name":"wp","href":"https:\/\/api.w.org\/{rel}","templated":true}]}}