{"id":5852,"date":"2022-11-15T19:42:37","date_gmt":"2022-11-15T17:42:37","guid":{"rendered":"https:\/\/dev.mgistudio.ee\/?post_type=product&#038;p=5852"},"modified":"2022-12-09T08:52:04","modified_gmt":"2022-12-09T06:52:04","slug":"sensitore-aqua-sensitive","status":"publish","type":"product","link":"https:\/\/dev.mgistudio.ee\/en\/toode\/sensitore-aqua-sensitive\/","title":{"rendered":"Sensitore Aqua Sensitive"},"content":{"rendered":"<p>Puhastab n\u00e4onaha meigist, veekindlast meigist ja \u00f5husaastest. Ideaalne silmameigi eemaldamiseks ja kontaktl\u00e4\u00e4tse kandjatele. Sisaldab 95,47% looduslikku p\u00e4ritolu koostisosi ja on l\u00f5hnavaba. On nahahooldusrituaalide esimene samm, et puhastada nahalt atmosf\u00e4\u00e4risaaste, naharasu ja meigij\u00e4\u00e4gid, mis on suurep\u00e4rane kasvulava bakteritele ning vabade radikaalide allikaks.<\/p>\n<p><strong>P\u00e4eva- ja \u00f6\u00f6hooldus<\/strong><\/p>\n<ul>\n<li>200 ml<\/li>\n<li>pH 5.5<\/li>\n<\/ul>\n","protected":false},"excerpt":{"rendered":"<p>Mitsellaarvesi tundlikule nahale<\/p>\n","protected":false},"featured_media":5073,"template":"","meta":{"_mi_skip_tracking":false},"product_cat":[156,174,226,160,134,163,171,168,173],"product_tag":[],"_links":{"self":[{"href":"https:\/\/dev.mgistudio.ee\/en\/wp-json\/wp\/v2\/product\/5852"}],"collection":[{"href":"https:\/\/dev.mgistudio.ee\/en\/wp-json\/wp\/v2\/product"}],"about":[{"href":"https:\/\/dev.mgistudio.ee\/en\/wp-json\/wp\/v2\/types\/product"}],"wp:featuredmedia":[{"embeddable":true,"href":"https:\/\/dev.mgistudio.ee\/en\/wp-json\/wp\/v2\/media\/5073"}],"wp:attachment":[{"href":"https:\/\/dev.mgistudio.ee\/en\/wp-json\/wp\/v2\/media?parent=5852"}],"wp:term":[{"taxonomy":"product_cat","embeddable":true,"href":"https:\/\/dev.mgistudio.ee\/en\/wp-json\/wp\/v2\/product_cat?post=5852"},{"taxonomy":"product_tag","embeddable":true,"href":"https:\/\/dev.mgistudio.ee\/en\/wp-json\/wp\/v2\/product_tag?post=5852"}],"curies":[{"name":"wp","href":"https:\/\/api.w.org\/{rel}","templated":true}]}}