{"id":5849,"date":"2022-11-15T19:50:17","date_gmt":"2022-11-15T17:50:17","guid":{"rendered":"https:\/\/dev.mgistudio.ee\/?post_type=product&#038;p=5849"},"modified":"2022-12-09T08:52:40","modified_gmt":"2022-12-09T06:52:40","slug":"sensitore-tonic","status":"publish","type":"product","link":"https:\/\/dev.mgistudio.ee\/en\/toode\/sensitore-tonic\/","title":{"rendered":"Sensitore Tonic"},"content":{"rendered":"<p>Taastab naha neutraalse pH, mis on vajalik selle normaalseks toimimiseks. Sisaldab 99,77% looduslikku p\u00e4ritolu koostisosi ja on alkoholivaba. Puhastab naha meigij\u00e4\u00e4kidest, s\u00fcgavpuhastab ja valmistab naha ette edasiseks hoolduseks.<\/p>\n<p><strong>P\u00e4eva- ja \u00f6\u00f6hooldus<\/strong><\/p>\n<ul>\n<li>200 ml<\/li>\n<li>pH 5.5<\/li>\n<\/ul>\n","protected":false},"excerpt":{"rendered":"<p>Rahustav toonik aloe veraga<\/p>\n","protected":false},"featured_media":5075,"template":"","meta":{"_mi_skip_tracking":false},"product_cat":[156,174,226,160,134,163,171,168,173],"product_tag":[],"_links":{"self":[{"href":"https:\/\/dev.mgistudio.ee\/en\/wp-json\/wp\/v2\/product\/5849"}],"collection":[{"href":"https:\/\/dev.mgistudio.ee\/en\/wp-json\/wp\/v2\/product"}],"about":[{"href":"https:\/\/dev.mgistudio.ee\/en\/wp-json\/wp\/v2\/types\/product"}],"wp:featuredmedia":[{"embeddable":true,"href":"https:\/\/dev.mgistudio.ee\/en\/wp-json\/wp\/v2\/media\/5075"}],"wp:attachment":[{"href":"https:\/\/dev.mgistudio.ee\/en\/wp-json\/wp\/v2\/media?parent=5849"}],"wp:term":[{"taxonomy":"product_cat","embeddable":true,"href":"https:\/\/dev.mgistudio.ee\/en\/wp-json\/wp\/v2\/product_cat?post=5849"},{"taxonomy":"product_tag","embeddable":true,"href":"https:\/\/dev.mgistudio.ee\/en\/wp-json\/wp\/v2\/product_tag?post=5849"}],"curies":[{"name":"wp","href":"https:\/\/api.w.org\/{rel}","templated":true}]}}