{"id":5845,"date":"2022-11-15T20:03:17","date_gmt":"2022-11-15T18:03:17","guid":{"rendered":"https:\/\/dev.mgistudio.ee\/?post_type=product&#038;p=5845"},"modified":"2022-12-09T08:53:00","modified_gmt":"2022-12-09T06:53:00","slug":"sensitore-milk","status":"publish","type":"product","link":"https:\/\/dev.mgistudio.ee\/en\/toode\/sensitore-milk\/","title":{"rendered":"Sensitore Milk"},"content":{"rendered":"<p>Taimse p\u00e4ritoluga ja \u00f5liderikas n\u00e4opuhastuspiim, mis eemaldab igak\u00fclgselt meigi ja muu naha mustuse. Nahk on toidetud ja selle h\u00fcdrolipiidikiht taastatud. Sensitori piim sisaldab 99,92% looduslikku p\u00e4ritolu koostisosi ning on h\u00fcpoallergeenne.<\/p>\n<p><strong>P\u00e4eva- ja \u00f6\u00f6hooldus<\/strong><\/p>\n<ul>\n<li>200 ml<\/li>\n<li>pH 5.5<\/li>\n<\/ul>\n","protected":false},"excerpt":{"rendered":"<p>N\u00e4opuhastuspiim<\/p>\n","protected":false},"featured_media":5077,"template":"","meta":{"_mi_skip_tracking":false},"product_cat":[156,174,226,160,134,163,171,168,173],"product_tag":[],"_links":{"self":[{"href":"https:\/\/dev.mgistudio.ee\/en\/wp-json\/wp\/v2\/product\/5845"}],"collection":[{"href":"https:\/\/dev.mgistudio.ee\/en\/wp-json\/wp\/v2\/product"}],"about":[{"href":"https:\/\/dev.mgistudio.ee\/en\/wp-json\/wp\/v2\/types\/product"}],"wp:featuredmedia":[{"embeddable":true,"href":"https:\/\/dev.mgistudio.ee\/en\/wp-json\/wp\/v2\/media\/5077"}],"wp:attachment":[{"href":"https:\/\/dev.mgistudio.ee\/en\/wp-json\/wp\/v2\/media?parent=5845"}],"wp:term":[{"taxonomy":"product_cat","embeddable":true,"href":"https:\/\/dev.mgistudio.ee\/en\/wp-json\/wp\/v2\/product_cat?post=5845"},{"taxonomy":"product_tag","embeddable":true,"href":"https:\/\/dev.mgistudio.ee\/en\/wp-json\/wp\/v2\/product_tag?post=5845"}],"curies":[{"name":"wp","href":"https:\/\/api.w.org\/{rel}","templated":true}]}}