{"id":5842,"date":"2022-11-15T20:34:30","date_gmt":"2022-11-15T18:34:30","guid":{"rendered":"https:\/\/dev.mgistudio.ee\/?post_type=product&#038;p=5842"},"modified":"2022-12-09T08:53:33","modified_gmt":"2022-12-09T06:53:33","slug":"nmf-xpress-cream","status":"publish","type":"product","link":"https:\/\/dev.mgistudio.ee\/en\/toode\/nmf-xpress-cream\/","title":{"rendered":"NMF Xpress Cream"},"content":{"rendered":"<p>V\u00e4ga kuivale, kahjustatud v\u00f5i deh\u00fcdreeritud nahale. Unikaalseks retseptiks on liposoomidesse suletud liustikuvesi, millel on tugev niisutav ja elustav toime ning mineraalide ja mikroelementide kombinatsioon, mis t\u00e4iendavad naha puuduj\u00e4\u00e4ke. Sobib kasutamiseks ka lastele ja noorele nahale, millel on ilmnenud esimesed vananemisilmingud.<\/p>\n<p><strong>P\u00e4evahooldus<\/strong><\/p>\n<ul>\n<li>50 ml<\/li>\n<li>pH 5.5<\/li>\n<\/ul>\n","protected":false},"excerpt":{"rendered":"<p>S\u00fcgavniisutav n\u00e4okreem<\/p>\n","protected":false},"featured_media":5079,"template":"","meta":{"_mi_skip_tracking":false},"product_cat":[174,196,134,163,189,173],"product_tag":[],"_links":{"self":[{"href":"https:\/\/dev.mgistudio.ee\/en\/wp-json\/wp\/v2\/product\/5842"}],"collection":[{"href":"https:\/\/dev.mgistudio.ee\/en\/wp-json\/wp\/v2\/product"}],"about":[{"href":"https:\/\/dev.mgistudio.ee\/en\/wp-json\/wp\/v2\/types\/product"}],"wp:featuredmedia":[{"embeddable":true,"href":"https:\/\/dev.mgistudio.ee\/en\/wp-json\/wp\/v2\/media\/5079"}],"wp:attachment":[{"href":"https:\/\/dev.mgistudio.ee\/en\/wp-json\/wp\/v2\/media?parent=5842"}],"wp:term":[{"taxonomy":"product_cat","embeddable":true,"href":"https:\/\/dev.mgistudio.ee\/en\/wp-json\/wp\/v2\/product_cat?post=5842"},{"taxonomy":"product_tag","embeddable":true,"href":"https:\/\/dev.mgistudio.ee\/en\/wp-json\/wp\/v2\/product_tag?post=5842"}],"curies":[{"name":"wp","href":"https:\/\/api.w.org\/{rel}","templated":true}]}}