{"id":5829,"date":"2022-11-15T21:24:53","date_gmt":"2022-11-15T19:24:53","guid":{"rendered":"https:\/\/dev.mgistudio.ee\/?post_type=product&#038;p=5829"},"modified":"2022-12-09T08:53:54","modified_gmt":"2022-12-09T06:53:54","slug":"peptide-night","status":"publish","type":"product","link":"https:\/\/dev.mgistudio.ee\/en\/toode\/peptide-night\/","title":{"rendered":"Peptide Night"},"content":{"rendered":"<p>P\u00f5hineb kolmest peptiidist koosneva kompleksi toimel, mis stimuleerib erinevat t\u00fc\u00fcpi kollageeni s\u00fcnteesi, parandades naha \u00fcldist seisundit, v\u00e4hendades tumedaid silmaaluseid ja siludes kortsukesi. M\u00f5eldud iga\u00f6iseks hoolduseks igat t\u00fc\u00fcpi k\u00fcpsele ja tundlikule nahale, millel esineb vananemise ning l\u00f5tvumise m\u00e4rke v\u00f5i mis on kaotanud oma elastsuse ja vajab pinguldust ning t\u00f5stvat ovaali korrastamist.<\/p>\n<p><strong>\u00d6\u00f6hooldus<\/strong><\/p>\n<ul>\n<li>50 ml<\/li>\n<li>pH 6.0<\/li>\n<\/ul>\n","protected":false},"excerpt":{"rendered":"<p>Peptiidikompleksiga t\u00f5stev \u00f6\u00f6kreem<\/p>\n","protected":false},"featured_media":5097,"template":"","meta":{"_mi_skip_tracking":false},"product_cat":[174,196,134,173],"product_tag":[],"_links":{"self":[{"href":"https:\/\/dev.mgistudio.ee\/en\/wp-json\/wp\/v2\/product\/5829"}],"collection":[{"href":"https:\/\/dev.mgistudio.ee\/en\/wp-json\/wp\/v2\/product"}],"about":[{"href":"https:\/\/dev.mgistudio.ee\/en\/wp-json\/wp\/v2\/types\/product"}],"wp:featuredmedia":[{"embeddable":true,"href":"https:\/\/dev.mgistudio.ee\/en\/wp-json\/wp\/v2\/media\/5097"}],"wp:attachment":[{"href":"https:\/\/dev.mgistudio.ee\/en\/wp-json\/wp\/v2\/media?parent=5829"}],"wp:term":[{"taxonomy":"product_cat","embeddable":true,"href":"https:\/\/dev.mgistudio.ee\/en\/wp-json\/wp\/v2\/product_cat?post=5829"},{"taxonomy":"product_tag","embeddable":true,"href":"https:\/\/dev.mgistudio.ee\/en\/wp-json\/wp\/v2\/product_tag?post=5829"}],"curies":[{"name":"wp","href":"https:\/\/api.w.org\/{rel}","templated":true}]}}