{"id":5811,"date":"2022-11-17T20:30:25","date_gmt":"2022-11-17T18:30:25","guid":{"rendered":"https:\/\/dev.mgistudio.ee\/?post_type=product&#038;p=5811"},"modified":"2022-12-09T08:54:44","modified_gmt":"2022-12-09T06:54:44","slug":"vitality-face-treatment-oil","status":"publish","type":"product","link":"https:\/\/dev.mgistudio.ee\/en\/toode\/vitality-face-treatment-oil\/","title":{"rendered":"Vitality Face Treatment Oil"},"content":{"rendered":"<p>Rikkalik ja s\u00fcgavalt toitev n\u00e4o\u00f5li, mis imendub kiiresti ja elustab kuiva ning k\u00fcpse n\u00e4onaha. Kohviubade, roosi ja apelsini stimuleerivad soojad ja v\u00e4rsked noodid muudavad naha s\u00e4ravaks, pehmeks ning elastseks. Sisaldab sertifitseeritud orgaanilisi, looduslikult valmistatud taime\u00f5lisid ja \u00fcrte. Sobilik normaalsele kuni v\u00e4ga kuivale nahale. Stimuleerib nahka ja pakub samal ajal aroomiteraapiat.<\/p>\n<p><strong>P\u00e4eva- ja \u00f6\u00f6hooldus<\/strong><\/p>\n<ul>\n<li>30 ml<\/li>\n<li>100% puhtad orgaanilised \u00f5lid<\/li>\n<li>vegan<\/li>\n<li>mitte &#8211; GMO<\/li>\n<li>ei sisalda s\u00fcnteetikat ja tugevaid kemikaale<\/li>\n<\/ul>\n","protected":false},"excerpt":{"rendered":"<p>S\u00fcgavalt toitev n\u00e4o\u00f5li<\/p>\n","protected":false},"featured_media":5187,"template":"","meta":{"_mi_skip_tracking":false},"product_cat":[174,160,163,171,189,173,195,140],"product_tag":[],"_links":{"self":[{"href":"https:\/\/dev.mgistudio.ee\/en\/wp-json\/wp\/v2\/product\/5811"}],"collection":[{"href":"https:\/\/dev.mgistudio.ee\/en\/wp-json\/wp\/v2\/product"}],"about":[{"href":"https:\/\/dev.mgistudio.ee\/en\/wp-json\/wp\/v2\/types\/product"}],"wp:featuredmedia":[{"embeddable":true,"href":"https:\/\/dev.mgistudio.ee\/en\/wp-json\/wp\/v2\/media\/5187"}],"wp:attachment":[{"href":"https:\/\/dev.mgistudio.ee\/en\/wp-json\/wp\/v2\/media?parent=5811"}],"wp:term":[{"taxonomy":"product_cat","embeddable":true,"href":"https:\/\/dev.mgistudio.ee\/en\/wp-json\/wp\/v2\/product_cat?post=5811"},{"taxonomy":"product_tag","embeddable":true,"href":"https:\/\/dev.mgistudio.ee\/en\/wp-json\/wp\/v2\/product_tag?post=5811"}],"curies":[{"name":"wp","href":"https:\/\/api.w.org\/{rel}","templated":true}]}}