{"id":5805,"date":"2022-11-18T11:06:03","date_gmt":"2022-11-18T09:06:03","guid":{"rendered":"https:\/\/dev.mgistudio.ee\/?post_type=product&#038;p=5805"},"modified":"2022-12-09T11:12:29","modified_gmt":"2022-12-09T09:12:29","slug":"essential-eye-treatment-oil","status":"publish","type":"product","link":"https:\/\/dev.mgistudio.ee\/en\/toode\/essential-eye-treatment-oil\/","title":{"rendered":"Essential Eye Treatment Oil"},"content":{"rendered":"<p>V\u00f5imas antioks\u00fcdantide rikas turgutus silma- ja huulepiirkonnale, mis aitab v\u00e4hendada peeneid kortsukesi, tumedaid ringe ja turseid. Sobilik k\u00f5ikidele nahat\u00fc\u00fcpidele &#8211; eriti kuivale, k\u00fcpsele, tundlikule ja UV-kahjustusega nahale. Sisaldab antioks\u00fcdante, kollageeni ja elastiini ning turgutavaid \u00fcrte ja \u00f5lisid.<\/p>\n<p><strong>P\u00e4eva- ja \u00f6\u00f6hooldus<\/strong><\/p>\n<ul>\n<li>5 ml<\/li>\n<li>100% puhtad orgaanilised \u00f5lid<\/li>\n<li>vegan<\/li>\n<li>mitte &#8211; GMO<\/li>\n<li>ei sisalda s\u00fcnteetikat ja tugevaid kemikaale<\/li>\n<\/ul>\n","protected":false},"excerpt":{"rendered":"<p><span data-sheets-value=\"{&quot;1&quot;:2,&quot;2&quot;:&quot;Antioks\u00fcdantide rikas turgutav silma- ja huule\u00f5li&quot;}\" data-sheets-userformat=\"{&quot;2&quot;:21171,&quot;3&quot;:{&quot;1&quot;:0},&quot;4&quot;:{&quot;1&quot;:2,&quot;2&quot;:16777215},&quot;7&quot;:{&quot;1&quot;:[{&quot;1&quot;:2,&quot;2&quot;:0,&quot;5&quot;:{&quot;1&quot;:2,&quot;2&quot;:0}},{&quot;1&quot;:0,&quot;2&quot;:0,&quot;3&quot;:3},{&quot;1&quot;:1,&quot;2&quot;:0,&quot;4&quot;:1}]},&quot;8&quot;:{&quot;1&quot;:[{&quot;1&quot;:2,&quot;2&quot;:0,&quot;5&quot;:{&quot;1&quot;:2,&quot;2&quot;:0}},{&quot;1&quot;:0,&quot;2&quot;:0,&quot;3&quot;:3},{&quot;1&quot;:1,&quot;2&quot;:0,&quot;4&quot;:1}]},&quot;10&quot;:2,&quot;12&quot;:0,&quot;15&quot;:&quot;Roboto&quot;,&quot;17&quot;:1}\">Antioks\u00fcdantide rikas turgutav silma- ja huule\u00f5li<\/span><\/p>\n","protected":false},"featured_media":5179,"template":"","meta":{"_mi_skip_tracking":false},"product_cat":[156,174,160,163,171,203,189,168,173,140],"product_tag":[],"_links":{"self":[{"href":"https:\/\/dev.mgistudio.ee\/en\/wp-json\/wp\/v2\/product\/5805"}],"collection":[{"href":"https:\/\/dev.mgistudio.ee\/en\/wp-json\/wp\/v2\/product"}],"about":[{"href":"https:\/\/dev.mgistudio.ee\/en\/wp-json\/wp\/v2\/types\/product"}],"wp:featuredmedia":[{"embeddable":true,"href":"https:\/\/dev.mgistudio.ee\/en\/wp-json\/wp\/v2\/media\/5179"}],"wp:attachment":[{"href":"https:\/\/dev.mgistudio.ee\/en\/wp-json\/wp\/v2\/media?parent=5805"}],"wp:term":[{"taxonomy":"product_cat","embeddable":true,"href":"https:\/\/dev.mgistudio.ee\/en\/wp-json\/wp\/v2\/product_cat?post=5805"},{"taxonomy":"product_tag","embeddable":true,"href":"https:\/\/dev.mgistudio.ee\/en\/wp-json\/wp\/v2\/product_tag?post=5805"}],"curies":[{"name":"wp","href":"https:\/\/api.w.org\/{rel}","templated":true}]}}