{"id":5800,"date":"2022-11-18T11:36:20","date_gmt":"2022-11-18T09:36:20","guid":{"rendered":"https:\/\/dev.mgistudio.ee\/?post_type=product&#038;p=5800"},"modified":"2022-12-09T08:56:27","modified_gmt":"2022-12-09T06:56:27","slug":"clarifying-detox-mask","status":"publish","type":"product","link":"https:\/\/dev.mgistudio.ee\/en\/toode\/clarifying-detox-mask\/","title":{"rendered":"Clarifying Detox Mask"},"content":{"rendered":"<p>Ainulaadne kombinatsioon terapeutilistest lilledest, juurtest ja savidest. See detoksifitseeriv mask rahustab ja puhastab naha mustusest, muutes selle pehmeks ning s\u00e4ravaks. V\u00f5imas rituaal tuleb kasuks normaalsele ja probleemsele nahale, sest sisaldab p\u00f5letikuvastaseid toimeaineid, mis leevendavad ekseeme ja l\u00f6\u00f6beid. Sisaldab mineraale, mis aitavad nahka toniseerida ja tugevdada.<\/p>\n<p><strong>Hooldus 1-2x n\u00e4dalas<\/strong><\/p>\n<ul>\n<li>50 ml<\/li>\n<li>100% puhtad orgaanilised \u00f5lid<\/li>\n<li>vegan<\/li>\n<li>mitte &#8211; GMO<\/li>\n<li>ei sisalda s\u00fcnteetikat ja tugevaid kemikaale<\/li>\n<\/ul>\n","protected":false},"excerpt":{"rendered":"<p><span data-sheets-value=\"{&quot;1&quot;:2,&quot;2&quot;:&quot;Detoksifitseeriv mask &quot;}\" data-sheets-userformat=\"{&quot;2&quot;:21171,&quot;3&quot;:{&quot;1&quot;:0},&quot;4&quot;:{&quot;1&quot;:2,&quot;2&quot;:16777215},&quot;7&quot;:{&quot;1&quot;:[{&quot;1&quot;:2,&quot;2&quot;:0,&quot;5&quot;:{&quot;1&quot;:2,&quot;2&quot;:0}},{&quot;1&quot;:0,&quot;2&quot;:0,&quot;3&quot;:3},{&quot;1&quot;:1,&quot;2&quot;:0,&quot;4&quot;:1}]},&quot;8&quot;:{&quot;1&quot;:[{&quot;1&quot;:2,&quot;2&quot;:0,&quot;5&quot;:{&quot;1&quot;:2,&quot;2&quot;:0}},{&quot;1&quot;:0,&quot;2&quot;:0,&quot;3&quot;:3},{&quot;1&quot;:1,&quot;2&quot;:0,&quot;4&quot;:1}]},&quot;10&quot;:2,&quot;12&quot;:0,&quot;15&quot;:&quot;Roboto&quot;,&quot;17&quot;:1}\">Detoksifitseeriv mask <\/span><\/p>\n","protected":false},"featured_media":5185,"template":"","meta":{"_mi_skip_tracking":false},"product_cat":[156,160,186,168,173,140],"product_tag":[],"_links":{"self":[{"href":"https:\/\/dev.mgistudio.ee\/en\/wp-json\/wp\/v2\/product\/5800"}],"collection":[{"href":"https:\/\/dev.mgistudio.ee\/en\/wp-json\/wp\/v2\/product"}],"about":[{"href":"https:\/\/dev.mgistudio.ee\/en\/wp-json\/wp\/v2\/types\/product"}],"wp:featuredmedia":[{"embeddable":true,"href":"https:\/\/dev.mgistudio.ee\/en\/wp-json\/wp\/v2\/media\/5185"}],"wp:attachment":[{"href":"https:\/\/dev.mgistudio.ee\/en\/wp-json\/wp\/v2\/media?parent=5800"}],"wp:term":[{"taxonomy":"product_cat","embeddable":true,"href":"https:\/\/dev.mgistudio.ee\/en\/wp-json\/wp\/v2\/product_cat?post=5800"},{"taxonomy":"product_tag","embeddable":true,"href":"https:\/\/dev.mgistudio.ee\/en\/wp-json\/wp\/v2\/product_tag?post=5800"}],"curies":[{"name":"wp","href":"https:\/\/api.w.org\/{rel}","templated":true}]}}