{"id":5340,"date":"2022-10-20T18:06:54","date_gmt":"2022-10-20T15:06:54","guid":{"rendered":"https:\/\/dev.mgistudio.ee\/products\/"},"modified":"2022-11-30T21:43:08","modified_gmt":"2022-11-30T19:43:08","slug":"products","status":"publish","type":"page","link":"https:\/\/dev.mgistudio.ee\/en\/products\/","title":{"rendered":"Brands"},"content":{"rendered":"\n<p>MGI Beauty p\u00f5hineb ideel pakkuda kompromissituid ja luksuslikke nahahooldustooteid, mida saate endale lubada igap\u00e4evaselt. K\u00f5ik meie pakutavad br\u00e4ndid on k\u00f5rgkvaliteetsed, millel on prognoositav toime ja mis pakuks kasutajatele seda, millesse MGI Beauty usub \u2013 suure j\u00f5udlusega ilulahendused kaasaegsetele inimestele, kes elavad t\u00e4iel rinnal.<\/p>\n\n\n\n<div class=\"is-layout-flex wp-container-3 wp-block-columns alignfull has-text-color has-background\" style=\"color:#000000;background-color:#ffffff\">\n<div class=\"is-layout-flow wp-block-column\"><div class=\"wp-block-image\">\n<figure class=\"aligncenter size-medium is-resized\"><a href=\"https:\/\/dev.mgistudio.ee\/en\/products\/dottore\/\"><img decoding=\"async\" loading=\"lazy\" src=\"https:\/\/dev.mgistudio.ee\/wp-content\/uploads\/2022\/11\/Dottore_brand-300x300.jpg\" alt=\"\" class=\"wp-image-6032\" width=\"400\" height=\"400\" srcset=\"https:\/\/dev.mgistudio.ee\/wp-content\/uploads\/2022\/11\/Dottore_brand-300x300.jpg 300w, https:\/\/dev.mgistudio.ee\/wp-content\/uploads\/2022\/11\/Dottore_brand-150x150.jpg 150w, https:\/\/dev.mgistudio.ee\/wp-content\/uploads\/2022\/11\/Dottore_brand-768x768.jpg 768w, https:\/\/dev.mgistudio.ee\/wp-content\/uploads\/2022\/11\/Dottore_brand-920x920.jpg 920w, https:\/\/dev.mgistudio.ee\/wp-content\/uploads\/2022\/11\/Dottore_brand-575x575.jpg 575w, https:\/\/dev.mgistudio.ee\/wp-content\/uploads\/2022\/11\/Dottore_brand-380x380.jpg 380w, https:\/\/dev.mgistudio.ee\/wp-content\/uploads\/2022\/11\/Dottore_brand-420x420.jpg 420w, https:\/\/dev.mgistudio.ee\/wp-content\/uploads\/2022\/11\/Dottore_brand-800x800.jpg 800w, https:\/\/dev.mgistudio.ee\/wp-content\/uploads\/2022\/11\/Dottore_brand-100x100.jpg 100w, https:\/\/dev.mgistudio.ee\/wp-content\/uploads\/2022\/11\/Dottore_brand-50x50.jpg 50w, https:\/\/dev.mgistudio.ee\/wp-content\/uploads\/2022\/11\/Dottore_brand.jpg 960w\" sizes=\"(max-width: 400px) 100vw, 400px\" \/><\/a><\/figure><\/div>\n\n\n<p class=\"has-text-align-center noline has-normal-font-size\"><a href=\"https:\/\/dev.mgistudio.ee\/en\/products\/dottore\/\" data-type=\"page\">Dottore<\/a><\/p>\n<\/div>\n\n\n\n<div class=\"is-layout-flow wp-block-column\"><div class=\"wp-block-image\">\n<figure class=\"aligncenter size-medium is-resized\"><a href=\"https:\/\/dev.mgistudio.ee\/en\/products\/earth-tu-face\/\"><img decoding=\"async\" loading=\"lazy\" src=\"https:\/\/dev.mgistudio.ee\/wp-content\/uploads\/2022\/11\/earthtuface_brand-300x300.jpg\" alt=\"\" class=\"wp-image-6018\" width=\"400\" height=\"400\" srcset=\"https:\/\/dev.mgistudio.ee\/wp-content\/uploads\/2022\/11\/earthtuface_brand-300x300.jpg 300w, https:\/\/dev.mgistudio.ee\/wp-content\/uploads\/2022\/11\/earthtuface_brand-150x150.jpg 150w, https:\/\/dev.mgistudio.ee\/wp-content\/uploads\/2022\/11\/earthtuface_brand-768x768.jpg 768w, https:\/\/dev.mgistudio.ee\/wp-content\/uploads\/2022\/11\/earthtuface_brand-920x920.jpg 920w, https:\/\/dev.mgistudio.ee\/wp-content\/uploads\/2022\/11\/earthtuface_brand-575x575.jpg 575w, https:\/\/dev.mgistudio.ee\/wp-content\/uploads\/2022\/11\/earthtuface_brand-380x380.jpg 380w, https:\/\/dev.mgistudio.ee\/wp-content\/uploads\/2022\/11\/earthtuface_brand-420x420.jpg 420w, https:\/\/dev.mgistudio.ee\/wp-content\/uploads\/2022\/11\/earthtuface_brand-800x800.jpg 800w, https:\/\/dev.mgistudio.ee\/wp-content\/uploads\/2022\/11\/earthtuface_brand-100x100.jpg 100w, https:\/\/dev.mgistudio.ee\/wp-content\/uploads\/2022\/11\/earthtuface_brand-50x50.jpg 50w, https:\/\/dev.mgistudio.ee\/wp-content\/uploads\/2022\/11\/earthtuface_brand.jpg 960w\" sizes=\"(max-width: 400px) 100vw, 400px\" \/><\/a><\/figure><\/div>\n\n\n<p class=\"has-text-align-center noline has-normal-font-size\"><a href=\"https:\/\/dev.mgistudio.ee\/en\/products\/earth-tu-face\/\" data-type=\"page\" data-id=\"4152\">Earth Tu Face<\/a><\/p>\n<\/div>\n<\/div>\n\n\n\n<div class=\"is-layout-flex wp-container-6 wp-block-columns alignfull has-text-color has-background\" style=\"color:#000000;background-color:#ffffff\">\n<div class=\"is-layout-flow wp-block-column\"><div class=\"wp-block-image\">\n<figure class=\"aligncenter size-medium is-resized\"><a href=\"https:\/\/dev.mgistudio.ee\/en\/products\/vered-organic-botanicals\/\"><img decoding=\"async\" loading=\"lazy\" src=\"https:\/\/dev.mgistudio.ee\/wp-content\/uploads\/2022\/11\/vered-Organic-300x300.jpg\" alt=\"\" class=\"wp-image-6039\" width=\"400\" height=\"400\" srcset=\"https:\/\/dev.mgistudio.ee\/wp-content\/uploads\/2022\/11\/vered-Organic-300x300.jpg 300w, https:\/\/dev.mgistudio.ee\/wp-content\/uploads\/2022\/11\/vered-Organic-150x150.jpg 150w, https:\/\/dev.mgistudio.ee\/wp-content\/uploads\/2022\/11\/vered-Organic-1140x1136.jpg 1140w, https:\/\/dev.mgistudio.ee\/wp-content\/uploads\/2022\/11\/vered-Organic-920x917.jpg 920w, https:\/\/dev.mgistudio.ee\/wp-content\/uploads\/2022\/11\/vered-Organic-575x573.jpg 575w, https:\/\/dev.mgistudio.ee\/wp-content\/uploads\/2022\/11\/vered-Organic-380x379.jpg 380w, https:\/\/dev.mgistudio.ee\/wp-content\/uploads\/2022\/11\/vered-Organic-420x420.jpg 420w, https:\/\/dev.mgistudio.ee\/wp-content\/uploads\/2022\/11\/vered-Organic-800x797.jpg 800w, https:\/\/dev.mgistudio.ee\/wp-content\/uploads\/2022\/11\/vered-Organic-100x100.jpg 100w, https:\/\/dev.mgistudio.ee\/wp-content\/uploads\/2022\/11\/vered-Organic-50x50.jpg 50w, https:\/\/dev.mgistudio.ee\/wp-content\/uploads\/2022\/11\/vered-Organic.jpg 1170w\" sizes=\"(max-width: 400px) 100vw, 400px\" \/><\/a><\/figure><\/div>\n\n\n<p class=\"has-text-align-center noline has-normal-font-size\"><a href=\"https:\/\/dev.mgistudio.ee\/en\/products\/vered-organic-botanicals\/\" data-type=\"page\" data-id=\"4092\">Vered Organic Botanicals<\/a><\/p>\n<\/div>\n\n\n\n<div class=\"is-layout-flow wp-block-column\"><div class=\"wp-block-image\">\n<figure class=\"aligncenter size-medium is-resized\"><a href=\"https:\/\/dev.mgistudio.ee\/en\/products\/french-girl\/\"><img decoding=\"async\" loading=\"lazy\" src=\"https:\/\/dev.mgistudio.ee\/wp-content\/uploads\/2022\/11\/french-300x300.jpg\" alt=\"\" class=\"wp-image-6062\" width=\"400\" height=\"400\" srcset=\"https:\/\/dev.mgistudio.ee\/wp-content\/uploads\/2022\/11\/french-300x300.jpg 300w, https:\/\/dev.mgistudio.ee\/wp-content\/uploads\/2022\/11\/french-150x150.jpg 150w, https:\/\/dev.mgistudio.ee\/wp-content\/uploads\/2022\/11\/french-575x575.jpg 575w, https:\/\/dev.mgistudio.ee\/wp-content\/uploads\/2022\/11\/french-380x380.jpg 380w, https:\/\/dev.mgistudio.ee\/wp-content\/uploads\/2022\/11\/french-420x420.jpg 420w, https:\/\/dev.mgistudio.ee\/wp-content\/uploads\/2022\/11\/french-100x100.jpg 100w, https:\/\/dev.mgistudio.ee\/wp-content\/uploads\/2022\/11\/french-50x50.jpg 50w, https:\/\/dev.mgistudio.ee\/wp-content\/uploads\/2022\/11\/french.jpg 768w\" sizes=\"(max-width: 400px) 100vw, 400px\" \/><\/a><\/figure><\/div>\n\n\n<p class=\"has-text-align-center noline has-normal-font-size\"><a href=\"https:\/\/dev.mgistudio.ee\/en\/products\/french-girl\/\" data-type=\"page\" data-id=\"6055\">French girl<\/a><\/p>\n<\/div>\n<\/div>\n","protected":false},"excerpt":{"rendered":"<p>MGI Beauty p\u00f5hineb ideel pakkuda kompromissituid ja luksuslikke nahahooldustooteid, mida saate endale lubada igap\u00e4evaselt. K\u00f5ik meie pakutavad br\u00e4ndid on k\u00f5rgkvaliteetsed, millel on prognoositav toime ja mis pakuks kasutajatele seda, millesse<\/p>\n<div class=\"is-content-justification-center is-layout-flex wp-container-11 wp-block-buttons mt100\">\n<div class=\"wp-block-button aligncenter\"><a href=\"https:\/\/dev.mgistudio.ee\/en\/products\/\" class=\"wp-block-button__link wp-element-button\">Read more <span class=\"screen-reader-text\">Brands<\/span><\/a><\/div>\n","protected":false},"author":9,"featured_media":0,"parent":0,"menu_order":0,"comment_status":"closed","ping_status":"closed","template":"","meta":{"_mi_skip_tracking":false},"_links":{"self":[{"href":"https:\/\/dev.mgistudio.ee\/en\/wp-json\/wp\/v2\/pages\/5340"}],"collection":[{"href":"https:\/\/dev.mgistudio.ee\/en\/wp-json\/wp\/v2\/pages"}],"about":[{"href":"https:\/\/dev.mgistudio.ee\/en\/wp-json\/wp\/v2\/types\/page"}],"author":[{"embeddable":true,"href":"https:\/\/dev.mgistudio.ee\/en\/wp-json\/wp\/v2\/users\/9"}],"replies":[{"embeddable":true,"href":"https:\/\/dev.mgistudio.ee\/en\/wp-json\/wp\/v2\/comments?post=5340"}],"version-history":[{"count":8,"href":"https:\/\/dev.mgistudio.ee\/en\/wp-json\/wp\/v2\/pages\/5340\/revisions"}],"predecessor-version":[{"id":6288,"href":"https:\/\/dev.mgistudio.ee\/en\/wp-json\/wp\/v2\/pages\/5340\/revisions\/6288"}],"wp:attachment":[{"href":"https:\/\/dev.mgistudio.ee\/en\/wp-json\/wp\/v2\/media?parent=5340"}],"curies":[{"name":"wp","href":"https:\/\/api.w.org\/{rel}","templated":true}]}}